{"id":1305,"date":"2023-06-04T17:37:50","date_gmt":"2023-06-04T15:37:50","guid":{"rendered":"https:\/\/tumasyo.com\/blog\/"},"modified":"2023-06-20T10:50:29","modified_gmt":"2023-06-20T08:50:29","slug":"blog","status":"publish","type":"page","link":"https:\/\/tumasyo.com\/ca\/blog\/","title":{"rendered":"Blog"},"content":{"rendered":"\t\t<div data-elementor-type=\"wp-page\" data-elementor-id=\"1305\" class=\"elementor elementor-1305 elementor-650\" data-elementor-post-type=\"page\">\n\t\t\t\t\t\t<section class=\"elementor-section elementor-top-section elementor-element elementor-element-5de50c7 elementor-section-boxed elementor-section-height-default elementor-section-height-default\" data-id=\"5de50c7\" data-element_type=\"section\" data-e-type=\"section\">\n\t\t\t\t\t\t<div class=\"elementor-container elementor-column-gap-default\">\n\t\t\t\t\t<div class=\"elementor-column elementor-col-100 elementor-top-column elementor-element elementor-element-e9da2d0\" data-id=\"e9da2d0\" data-element_type=\"column\" data-e-type=\"column\">\n\t\t\t<div class=\"elementor-widget-wrap elementor-element-populated\">\n\t\t\t\t\t\t<div class=\"elementor-element elementor-element-072bd4d elementor-widget elementor-widget-heading\" data-id=\"072bd4d\" data-element_type=\"widget\" data-e-type=\"widget\" data-widget_type=\"heading.default\">\n\t\t\t\t<div class=\"elementor-widget-container\">\n\t\t\t\t\t<h4 class=\"elementor-heading-title elementor-size-default\">et volem explicar qu\u00e8...<\/h4>\t\t\t\t<\/div>\n\t\t\t\t<\/div>\n\t\t\t\t\t<\/div>\n\t\t<\/div>\n\t\t\t\t\t<\/div>\n\t\t<\/section>\n\t\t\t\t<section class=\"elementor-section elementor-top-section elementor-element elementor-element-630602c elementor-section-boxed elementor-section-height-default elementor-section-height-default\" data-id=\"630602c\" data-element_type=\"section\" data-e-type=\"section\">\n\t\t\t\t\t\t<div class=\"elementor-container elementor-column-gap-default\">\n\t\t\t\t\t<div class=\"elementor-column elementor-col-50 elementor-top-column elementor-element elementor-element-ea3aa33\" data-id=\"ea3aa33\" data-element_type=\"column\" data-e-type=\"column\">\n\t\t\t<div class=\"elementor-widget-wrap elementor-element-populated\">\n\t\t\t\t\t\t<div class=\"elementor-element elementor-element-883d695 elementor-grid-2 elementor-grid-tablet-2 elementor-grid-mobile-1 elementor-posts--thumbnail-top elementor-widget elementor-widget-posts\" data-id=\"883d695\" data-element_type=\"widget\" data-e-type=\"widget\" data-settings=\"{&quot;classic_masonry&quot;:&quot;yes&quot;,&quot;pagination_type&quot;:&quot;load_more_infinite_scroll&quot;,&quot;classic_columns&quot;:&quot;2&quot;,&quot;classic_columns_tablet&quot;:&quot;2&quot;,&quot;classic_columns_mobile&quot;:&quot;1&quot;,&quot;classic_row_gap&quot;:{&quot;unit&quot;:&quot;px&quot;,&quot;size&quot;:35,&quot;sizes&quot;:[]},&quot;classic_row_gap_tablet&quot;:{&quot;unit&quot;:&quot;px&quot;,&quot;size&quot;:&quot;&quot;,&quot;sizes&quot;:[]},&quot;classic_row_gap_mobile&quot;:{&quot;unit&quot;:&quot;px&quot;,&quot;size&quot;:&quot;&quot;,&quot;sizes&quot;:[]},&quot;load_more_spinner&quot;:{&quot;value&quot;:&quot;fas fa-spinner&quot;,&quot;library&quot;:&quot;fa-solid&quot;}}\" data-widget_type=\"posts.classic\">\n\t\t\t\t<div class=\"elementor-widget-container\">\n\t\t\t\t\t\t\t<div class=\"elementor-posts-container elementor-posts elementor-posts--skin-classic elementor-grid\" role=\"list\">\n\t\t\t\t<article class=\"elementor-post elementor-grid-item post-1487 post type-post status-publish format-standard has-post-thumbnail hentry category-activacio tag-portfolio-ca\" role=\"listitem\">\n\t\t\t\t<a class=\"elementor-post__thumbnail__link\" href=\"https:\/\/tumasyo.com\/ca\/cataleg\/\" tabindex=\"-1\" >\n\t\t\t<div class=\"elementor-post__thumbnail\"><img fetchpriority=\"high\" decoding=\"async\" width=\"1320\" height=\"744\" src=\"https:\/\/tumasyo.com\/wp-content\/uploads\/2023\/06\/tumasyo-mykonoscat23_tmy-catalogo-mykonos-1.png\" class=\"attachment-full size-full wp-image-1493\" alt=\"Portada catalogo en fondo verde.\" srcset=\"https:\/\/tumasyo.com\/wp-content\/uploads\/2023\/06\/tumasyo-mykonoscat23_tmy-catalogo-mykonos-1.png 1320w, https:\/\/tumasyo.com\/wp-content\/uploads\/2023\/06\/tumasyo-mykonoscat23_tmy-catalogo-mykonos-1-300x169.png 300w, https:\/\/tumasyo.com\/wp-content\/uploads\/2023\/06\/tumasyo-mykonoscat23_tmy-catalogo-mykonos-1-1024x577.png 1024w, https:\/\/tumasyo.com\/wp-content\/uploads\/2023\/06\/tumasyo-mykonoscat23_tmy-catalogo-mykonos-1-768x433.png 768w\" sizes=\"(max-width: 1320px) 100vw, 1320px\" \/><\/div>\n\t\t<\/a>\n\t\t\t\t<div class=\"elementor-post__text\">\n\t\t\t\t<h3 class=\"elementor-post__title\">\n\t\t\t<a href=\"https:\/\/tumasyo.com\/ca\/cataleg\/\" >\n\t\t\t\tCAT\u00c0LEG\t\t\t<\/a>\n\t\t<\/h3>\n\t\t\t\t<div class=\"elementor-post__meta-data\">\n\t\t\t\t\t<span class=\"elementor-post-date\">\n\t\t\t27 de juny de 2023\t\t<\/span>\n\t\t\t\t<span class=\"elementor-post-avatar\">\n\t\t\tNo hi ha comentaris\t\t<\/span>\n\t\t\t\t<\/div>\n\t\t\n\t\t<a class=\"elementor-post__read-more\" href=\"https:\/\/tumasyo.com\/ca\/cataleg\/\" aria-label=\"Read more about CAT\u00c0LEG\" tabindex=\"-1\" >\n\t\t\t+\t\t<\/a>\n\n\t\t\t\t<\/div>\n\t\t\t\t<\/article>\n\t\t\t\t<article class=\"elementor-post elementor-grid-item post-1327 post type-post status-publish format-standard has-post-thumbnail hentry category-noticies category-web-ca\" role=\"listitem\">\n\t\t\t\t<a class=\"elementor-post__thumbnail__link\" href=\"https:\/\/tumasyo.com\/ca\/estrenem-web\/\" tabindex=\"-1\" >\n\t\t\t<div class=\"elementor-post__thumbnail\"><img decoding=\"async\" width=\"2000\" height=\"1333\" src=\"https:\/\/tumasyo.com\/wp-content\/uploads\/2023\/06\/estrenamos-web.jpg\" class=\"attachment-full size-full wp-image-1293\" alt=\"\" srcset=\"https:\/\/tumasyo.com\/wp-content\/uploads\/2023\/06\/estrenamos-web.jpg 2000w, https:\/\/tumasyo.com\/wp-content\/uploads\/2023\/06\/estrenamos-web-300x200.jpg 300w, https:\/\/tumasyo.com\/wp-content\/uploads\/2023\/06\/estrenamos-web-1024x682.jpg 1024w, https:\/\/tumasyo.com\/wp-content\/uploads\/2023\/06\/estrenamos-web-768x512.jpg 768w, https:\/\/tumasyo.com\/wp-content\/uploads\/2023\/06\/estrenamos-web-1536x1024.jpg 1536w\" sizes=\"(max-width: 2000px) 100vw, 2000px\" \/><\/div>\n\t\t<\/a>\n\t\t\t\t<div class=\"elementor-post__text\">\n\t\t\t\t<h3 class=\"elementor-post__title\">\n\t\t\t<a href=\"https:\/\/tumasyo.com\/ca\/estrenem-web\/\" >\n\t\t\t\tEstrenem web\t\t\t<\/a>\n\t\t<\/h3>\n\t\t\t\t<div class=\"elementor-post__meta-data\">\n\t\t\t\t\t<span class=\"elementor-post-date\">\n\t\t\t4 de juny de 2023\t\t<\/span>\n\t\t\t\t<span class=\"elementor-post-avatar\">\n\t\t\tNo hi ha comentaris\t\t<\/span>\n\t\t\t\t<\/div>\n\t\t\n\t\t<a class=\"elementor-post__read-more\" href=\"https:\/\/tumasyo.com\/ca\/estrenem-web\/\" aria-label=\"Read more about Estrenem web\" tabindex=\"-1\" >\n\t\t\t+\t\t<\/a>\n\n\t\t\t\t<\/div>\n\t\t\t\t<\/article>\n\t\t\t\t<article class=\"elementor-post elementor-grid-item post-1323 post type-post status-publish format-standard has-post-thumbnail hentry category-activacio category-diagnostic category-estrategia-ca tag-portfolio-ca\" role=\"listitem\">\n\t\t\t\t<a class=\"elementor-post__thumbnail__link\" href=\"https:\/\/tumasyo.com\/ca\/artech\/\" tabindex=\"-1\" >\n\t\t\t<div class=\"elementor-post__thumbnail\"><img decoding=\"async\" width=\"1320\" height=\"744\" src=\"https:\/\/tumasyo.com\/wp-content\/uploads\/2023\/06\/TMY_ARTECH_GIC_Recurso-2-80.jpg\" class=\"attachment-full size-full wp-image-1219\" alt=\"\" srcset=\"https:\/\/tumasyo.com\/wp-content\/uploads\/2023\/06\/TMY_ARTECH_GIC_Recurso-2-80.jpg 1320w, https:\/\/tumasyo.com\/wp-content\/uploads\/2023\/06\/TMY_ARTECH_GIC_Recurso-2-80-300x169.jpg 300w, https:\/\/tumasyo.com\/wp-content\/uploads\/2023\/06\/TMY_ARTECH_GIC_Recurso-2-80-1024x577.jpg 1024w, https:\/\/tumasyo.com\/wp-content\/uploads\/2023\/06\/TMY_ARTECH_GIC_Recurso-2-80-768x433.jpg 768w\" sizes=\"(max-width: 1320px) 100vw, 1320px\" \/><\/div>\n\t\t<\/a>\n\t\t\t\t<div class=\"elementor-post__text\">\n\t\t\t\t<h3 class=\"elementor-post__title\">\n\t\t\t<a href=\"https:\/\/tumasyo.com\/ca\/artech\/\" >\n\t\t\t\tARTECH\t\t\t<\/a>\n\t\t<\/h3>\n\t\t\t\t<div class=\"elementor-post__meta-data\">\n\t\t\t\t\t<span class=\"elementor-post-date\">\n\t\t\t4 de juny de 2023\t\t<\/span>\n\t\t\t\t<span class=\"elementor-post-avatar\">\n\t\t\tNo hi ha comentaris\t\t<\/span>\n\t\t\t\t<\/div>\n\t\t\n\t\t<a class=\"elementor-post__read-more\" href=\"https:\/\/tumasyo.com\/ca\/artech\/\" aria-label=\"Read more about ARTECH\" tabindex=\"-1\" >\n\t\t\t+\t\t<\/a>\n\n\t\t\t\t<\/div>\n\t\t\t\t<\/article>\n\t\t\t\t<article class=\"elementor-post elementor-grid-item post-1319 post type-post status-publish format-standard has-post-thumbnail hentry category-activacio category-definicio category-diagnostic category-estrategia-ca tag-portfolio-ca\" role=\"listitem\">\n\t\t\t\t<a class=\"elementor-post__thumbnail__link\" href=\"https:\/\/tumasyo.com\/ca\/la-boutique-del-queso\/\" tabindex=\"-1\" >\n\t\t\t<div class=\"elementor-post__thumbnail\"><img loading=\"lazy\" decoding=\"async\" width=\"990\" height=\"558\" src=\"https:\/\/tumasyo.com\/wp-content\/uploads\/2023\/06\/Recurso-7@0.75x-1.png\" class=\"attachment-full size-full wp-image-1213\" alt=\"\" srcset=\"https:\/\/tumasyo.com\/wp-content\/uploads\/2023\/06\/Recurso-7@0.75x-1.png 990w, https:\/\/tumasyo.com\/wp-content\/uploads\/2023\/06\/Recurso-7@0.75x-1-300x169.png 300w, https:\/\/tumasyo.com\/wp-content\/uploads\/2023\/06\/Recurso-7@0.75x-1-768x433.png 768w\" sizes=\"(max-width: 990px) 100vw, 990px\" \/><\/div>\n\t\t<\/a>\n\t\t\t\t<div class=\"elementor-post__text\">\n\t\t\t\t<h3 class=\"elementor-post__title\">\n\t\t\t<a href=\"https:\/\/tumasyo.com\/ca\/la-boutique-del-queso\/\" >\n\t\t\t\tLa Boutique Del Queso\t\t\t<\/a>\n\t\t<\/h3>\n\t\t\t\t<div class=\"elementor-post__meta-data\">\n\t\t\t\t\t<span class=\"elementor-post-date\">\n\t\t\t4 de juny de 2023\t\t<\/span>\n\t\t\t\t<span class=\"elementor-post-avatar\">\n\t\t\tNo hi ha comentaris\t\t<\/span>\n\t\t\t\t<\/div>\n\t\t\n\t\t<a class=\"elementor-post__read-more\" href=\"https:\/\/tumasyo.com\/ca\/la-boutique-del-queso\/\" aria-label=\"Read more about La Boutique Del Queso\" tabindex=\"-1\" >\n\t\t\t+\t\t<\/a>\n\n\t\t\t\t<\/div>\n\t\t\t\t<\/article>\n\t\t\t\t<\/div>\n\t\t\t\t\t<span class=\"e-load-more-spinner\">\n\t\t\t\t<i aria-hidden=\"true\" class=\"fas fa-spinner\"><\/i>\t\t\t<\/span>\n\t\t\n\t\t\t\t\t\t<\/div>\n\t\t\t\t<\/div>\n\t\t\t\t\t<\/div>\n\t\t<\/div>\n\t\t\t\t<div class=\"elementor-column elementor-col-50 elementor-top-column elementor-element elementor-element-54a7346\" data-id=\"54a7346\" data-element_type=\"column\" data-e-type=\"column\">\n\t\t\t<div class=\"elementor-widget-wrap elementor-element-populated\">\n\t\t\t\t\t\t<div class=\"elementor-element elementor-element-06610ff elementor-nav-menu--dropdown-tablet elementor-nav-menu__text-align-aside elementor-widget elementor-widget-nav-menu\" data-id=\"06610ff\" data-element_type=\"widget\" data-e-type=\"widget\" data-settings=\"{&quot;layout&quot;:&quot;vertical&quot;,&quot;submenu_icon&quot;:{&quot;value&quot;:&quot;&lt;i class=\\&quot;fas fa-caret-down\\&quot; aria-hidden=\\&quot;true\\&quot;&gt;&lt;\\\/i&gt;&quot;,&quot;library&quot;:&quot;fa-solid&quot;}}\" data-widget_type=\"nav-menu.default\">\n\t\t\t\t<div class=\"elementor-widget-container\">\n\t\t\t\t\t\t\t\t<nav aria-label=\"Menu\" class=\"elementor-nav-menu--main elementor-nav-menu__container elementor-nav-menu--layout-vertical e--pointer-none\">\n\t\t\t\t<ul id=\"menu-1-06610ff\" class=\"elementor-nav-menu sm-vertical\"><li class=\"menu-item menu-item-type-taxonomy menu-item-object-category menu-item-1417\"><a href=\"https:\/\/tumasyo.com\/ca\/category\/noticies\/continguts\/\" class=\"elementor-item\">continguts<\/a><\/li>\n<li class=\"menu-item menu-item-type-taxonomy menu-item-object-category menu-item-1418\"><a href=\"https:\/\/tumasyo.com\/ca\/category\/brand-ca\/\" class=\"elementor-item\">brand<\/a><\/li>\n<li class=\"menu-item menu-item-type-taxonomy menu-item-object-category menu-item-1419\"><a href=\"https:\/\/tumasyo.com\/ca\/category\/noticies\/web-ca\/\" class=\"elementor-item\">web<\/a><\/li>\n<li class=\"menu-item menu-item-type-taxonomy menu-item-object-category menu-item-1420\"><a href=\"https:\/\/tumasyo.com\/ca\/category\/noticies\/events-ca\/\" class=\"elementor-item\">events<\/a><\/li>\n<\/ul>\t\t\t<\/nav>\n\t\t\t\t\t\t<nav class=\"elementor-nav-menu--dropdown elementor-nav-menu__container\" aria-hidden=\"true\">\n\t\t\t\t<ul id=\"menu-2-06610ff\" class=\"elementor-nav-menu sm-vertical\"><li class=\"menu-item menu-item-type-taxonomy menu-item-object-category menu-item-1417\"><a href=\"https:\/\/tumasyo.com\/ca\/category\/noticies\/continguts\/\" class=\"elementor-item\" tabindex=\"-1\">continguts<\/a><\/li>\n<li class=\"menu-item menu-item-type-taxonomy menu-item-object-category menu-item-1418\"><a href=\"https:\/\/tumasyo.com\/ca\/category\/brand-ca\/\" class=\"elementor-item\" tabindex=\"-1\">brand<\/a><\/li>\n<li class=\"menu-item menu-item-type-taxonomy menu-item-object-category menu-item-1419\"><a href=\"https:\/\/tumasyo.com\/ca\/category\/noticies\/web-ca\/\" class=\"elementor-item\" tabindex=\"-1\">web<\/a><\/li>\n<li class=\"menu-item menu-item-type-taxonomy menu-item-object-category menu-item-1420\"><a href=\"https:\/\/tumasyo.com\/ca\/category\/noticies\/events-ca\/\" class=\"elementor-item\" tabindex=\"-1\">events<\/a><\/li>\n<\/ul>\t\t\t<\/nav>\n\t\t\t\t\t\t<\/div>\n\t\t\t\t<\/div>\n\t\t\t\t\t<\/div>\n\t\t<\/div>\n\t\t\t\t\t<\/div>\n\t\t<\/section>\n\t\t\t\t<\/div>\n\t\t","protected":false},"excerpt":{"rendered":"<p>et volem explicar qu\u00e8&#8230;<\/p>\n","protected":false},"author":1,"featured_media":0,"parent":0,"menu_order":0,"comment_status":"closed","ping_status":"closed","template":"","meta":{"footnotes":""},"class_list":["post-1305","page","type-page","status-publish","hentry"],"yoast_head":"<!-- This site is optimized with the Yoast SEO plugin v27.5 - https:\/\/yoast.com\/product\/yoast-seo-wordpress\/ -->\n<title>Blog - t\u00fam\u00e1syo<\/title>\n<meta name=\"robots\" content=\"index, follow, max-snippet:-1, max-image-preview:large, max-video-preview:-1\" \/>\n<link rel=\"canonical\" href=\"https:\/\/tumasyo.com\/ca\/blog\/\" \/>\n<meta property=\"og:locale\" content=\"ca_ES\" \/>\n<meta property=\"og:type\" content=\"article\" \/>\n<meta property=\"og:title\" content=\"Blog - t\u00fam\u00e1syo\" \/>\n<meta property=\"og:description\" content=\"et volem explicar qu\u00e8&#8230;\" \/>\n<meta property=\"og:url\" content=\"https:\/\/tumasyo.com\/ca\/blog\/\" \/>\n<meta property=\"og:site_name\" content=\"t\u00fam\u00e1syo\" \/>\n<meta property=\"article:modified_time\" content=\"2023-06-20T08:50:29+00:00\" \/>\n<meta name=\"twitter:card\" content=\"summary_large_image\" \/>\n<meta name=\"twitter:label1\" content=\"Temps estimat de lectura\" \/>\n\t<meta name=\"twitter:data1\" content=\"1 minut\" \/>\n<script type=\"application\/ld+json\" class=\"yoast-schema-graph\">{\"@context\":\"https:\\\/\\\/schema.org\",\"@graph\":[{\"@type\":\"WebPage\",\"@id\":\"https:\\\/\\\/tumasyo.com\\\/ca\\\/blog\\\/\",\"url\":\"https:\\\/\\\/tumasyo.com\\\/ca\\\/blog\\\/\",\"name\":\"Blog - t\u00fam\u00e1syo\",\"isPartOf\":{\"@id\":\"https:\\\/\\\/tumasyo.com\\\/#website\"},\"datePublished\":\"2023-06-04T15:37:50+00:00\",\"dateModified\":\"2023-06-20T08:50:29+00:00\",\"breadcrumb\":{\"@id\":\"https:\\\/\\\/tumasyo.com\\\/ca\\\/blog\\\/#breadcrumb\"},\"inLanguage\":\"ca\",\"potentialAction\":[{\"@type\":\"ReadAction\",\"target\":[\"https:\\\/\\\/tumasyo.com\\\/ca\\\/blog\\\/\"]}]},{\"@type\":\"BreadcrumbList\",\"@id\":\"https:\\\/\\\/tumasyo.com\\\/ca\\\/blog\\\/#breadcrumb\",\"itemListElement\":[{\"@type\":\"ListItem\",\"position\":1,\"name\":\"Portada\",\"item\":\"https:\\\/\\\/tumasyo.com\\\/ca\\\/\"},{\"@type\":\"ListItem\",\"position\":2,\"name\":\"Blog\"}]},{\"@type\":\"WebSite\",\"@id\":\"https:\\\/\\\/tumasyo.com\\\/#website\",\"url\":\"https:\\\/\\\/tumasyo.com\\\/\",\"name\":\"t\u00fam\u00e1syo\",\"description\":\"brand trainers\",\"publisher\":{\"@id\":\"https:\\\/\\\/tumasyo.com\\\/#organization\"},\"potentialAction\":[{\"@type\":\"SearchAction\",\"target\":{\"@type\":\"EntryPoint\",\"urlTemplate\":\"https:\\\/\\\/tumasyo.com\\\/?s={search_term_string}\"},\"query-input\":{\"@type\":\"PropertyValueSpecification\",\"valueRequired\":true,\"valueName\":\"search_term_string\"}}],\"inLanguage\":\"ca\"},{\"@type\":\"Organization\",\"@id\":\"https:\\\/\\\/tumasyo.com\\\/#organization\",\"name\":\"t\u00fam\u00e1syo\",\"url\":\"https:\\\/\\\/tumasyo.com\\\/\",\"logo\":{\"@type\":\"ImageObject\",\"inLanguage\":\"ca\",\"@id\":\"https:\\\/\\\/tumasyo.com\\\/#\\\/schema\\\/logo\\\/image\\\/\",\"url\":\"https:\\\/\\\/tumasyo.com\\\/wp-content\\\/uploads\\\/2023\\\/06\\\/TMY_LOGO.png\",\"contentUrl\":\"https:\\\/\\\/tumasyo.com\\\/wp-content\\\/uploads\\\/2023\\\/06\\\/TMY_LOGO.png\",\"width\":523,\"height\":46,\"caption\":\"t\u00fam\u00e1syo\"},\"image\":{\"@id\":\"https:\\\/\\\/tumasyo.com\\\/#\\\/schema\\\/logo\\\/image\\\/\"}}]}<\/script>\n<!-- \/ Yoast SEO plugin. -->","yoast_head_json":{"title":"Blog - t\u00fam\u00e1syo","robots":{"index":"index","follow":"follow","max-snippet":"max-snippet:-1","max-image-preview":"max-image-preview:large","max-video-preview":"max-video-preview:-1"},"canonical":"https:\/\/tumasyo.com\/ca\/blog\/","og_locale":"ca_ES","og_type":"article","og_title":"Blog - t\u00fam\u00e1syo","og_description":"et volem explicar qu\u00e8&#8230;","og_url":"https:\/\/tumasyo.com\/ca\/blog\/","og_site_name":"t\u00fam\u00e1syo","article_modified_time":"2023-06-20T08:50:29+00:00","twitter_card":"summary_large_image","twitter_misc":{"Temps estimat de lectura":"1 minut"},"schema":{"@context":"https:\/\/schema.org","@graph":[{"@type":"WebPage","@id":"https:\/\/tumasyo.com\/ca\/blog\/","url":"https:\/\/tumasyo.com\/ca\/blog\/","name":"Blog - t\u00fam\u00e1syo","isPartOf":{"@id":"https:\/\/tumasyo.com\/#website"},"datePublished":"2023-06-04T15:37:50+00:00","dateModified":"2023-06-20T08:50:29+00:00","breadcrumb":{"@id":"https:\/\/tumasyo.com\/ca\/blog\/#breadcrumb"},"inLanguage":"ca","potentialAction":[{"@type":"ReadAction","target":["https:\/\/tumasyo.com\/ca\/blog\/"]}]},{"@type":"BreadcrumbList","@id":"https:\/\/tumasyo.com\/ca\/blog\/#breadcrumb","itemListElement":[{"@type":"ListItem","position":1,"name":"Portada","item":"https:\/\/tumasyo.com\/ca\/"},{"@type":"ListItem","position":2,"name":"Blog"}]},{"@type":"WebSite","@id":"https:\/\/tumasyo.com\/#website","url":"https:\/\/tumasyo.com\/","name":"t\u00fam\u00e1syo","description":"brand trainers","publisher":{"@id":"https:\/\/tumasyo.com\/#organization"},"potentialAction":[{"@type":"SearchAction","target":{"@type":"EntryPoint","urlTemplate":"https:\/\/tumasyo.com\/?s={search_term_string}"},"query-input":{"@type":"PropertyValueSpecification","valueRequired":true,"valueName":"search_term_string"}}],"inLanguage":"ca"},{"@type":"Organization","@id":"https:\/\/tumasyo.com\/#organization","name":"t\u00fam\u00e1syo","url":"https:\/\/tumasyo.com\/","logo":{"@type":"ImageObject","inLanguage":"ca","@id":"https:\/\/tumasyo.com\/#\/schema\/logo\/image\/","url":"https:\/\/tumasyo.com\/wp-content\/uploads\/2023\/06\/TMY_LOGO.png","contentUrl":"https:\/\/tumasyo.com\/wp-content\/uploads\/2023\/06\/TMY_LOGO.png","width":523,"height":46,"caption":"t\u00fam\u00e1syo"},"image":{"@id":"https:\/\/tumasyo.com\/#\/schema\/logo\/image\/"}}]}},"_links":{"self":[{"href":"https:\/\/tumasyo.com\/ca\/wp-json\/wp\/v2\/pages\/1305","targetHints":{"allow":["GET"]}}],"collection":[{"href":"https:\/\/tumasyo.com\/ca\/wp-json\/wp\/v2\/pages"}],"about":[{"href":"https:\/\/tumasyo.com\/ca\/wp-json\/wp\/v2\/types\/page"}],"author":[{"embeddable":true,"href":"https:\/\/tumasyo.com\/ca\/wp-json\/wp\/v2\/users\/1"}],"replies":[{"embeddable":true,"href":"https:\/\/tumasyo.com\/ca\/wp-json\/wp\/v2\/comments?post=1305"}],"version-history":[{"count":4,"href":"https:\/\/tumasyo.com\/ca\/wp-json\/wp\/v2\/pages\/1305\/revisions"}],"predecessor-version":[{"id":1448,"href":"https:\/\/tumasyo.com\/ca\/wp-json\/wp\/v2\/pages\/1305\/revisions\/1448"}],"wp:attachment":[{"href":"https:\/\/tumasyo.com\/ca\/wp-json\/wp\/v2\/media?parent=1305"}],"curies":[{"name":"wp","href":"https:\/\/api.w.org\/{rel}","templated":true}]}}