{"id":1303,"date":"2023-06-04T11:46:39","date_gmt":"2023-06-04T09:46:39","guid":{"rendered":"https:\/\/tumasyo.com\/experiencies\/"},"modified":"2023-06-19T18:33:57","modified_gmt":"2023-06-19T16:33:57","slug":"experiencies","status":"publish","type":"page","link":"https:\/\/tumasyo.com\/ca\/experiencies\/","title":{"rendered":"Experi\u00e8ncies"},"content":{"rendered":"\t\t<div data-elementor-type=\"wp-page\" data-elementor-id=\"1303\" class=\"elementor elementor-1303 elementor-393\" data-elementor-post-type=\"page\">\n\t\t\t\t\t\t<section class=\"elementor-section elementor-top-section elementor-element elementor-element-225d026a elementor-section-boxed elementor-section-height-default elementor-section-height-default\" data-id=\"225d026a\" data-element_type=\"section\" data-e-type=\"section\">\n\t\t\t\t\t\t<div class=\"elementor-container elementor-column-gap-default\">\n\t\t\t\t\t<div class=\"elementor-column elementor-col-100 elementor-top-column elementor-element elementor-element-470b73f6\" data-id=\"470b73f6\" data-element_type=\"column\" data-e-type=\"column\">\n\t\t\t<div class=\"elementor-widget-wrap elementor-element-populated\">\n\t\t\t\t\t\t<div class=\"elementor-element elementor-element-679ebaf elementor-widget elementor-widget-heading\" data-id=\"679ebaf\" data-element_type=\"widget\" data-e-type=\"widget\" data-widget_type=\"heading.default\">\n\t\t\t\t<div class=\"elementor-widget-container\">\n\t\t\t\t\t<h4 class=\"elementor-heading-title elementor-size-default\">compartim les experi\u00e8ncies que vivim<\/h4>\t\t\t\t<\/div>\n\t\t\t\t<\/div>\n\t\t\t\t<div class=\"elementor-element elementor-element-3406aad4 elementor-nav-menu__align-start elementor-nav-menu--dropdown-tablet elementor-nav-menu__text-align-aside elementor-nav-menu--toggle elementor-nav-menu--burger elementor-widget elementor-widget-nav-menu\" data-id=\"3406aad4\" data-element_type=\"widget\" data-e-type=\"widget\" data-settings=\"{&quot;submenu_icon&quot;:{&quot;value&quot;:&quot;&lt;i class=\\&quot;fas fa-chevron-down\\&quot; aria-hidden=\\&quot;true\\&quot;&gt;&lt;\\\/i&gt;&quot;,&quot;library&quot;:&quot;fa-solid&quot;},&quot;layout&quot;:&quot;horizontal&quot;,&quot;toggle&quot;:&quot;burger&quot;}\" data-widget_type=\"nav-menu.default\">\n\t\t\t\t<div class=\"elementor-widget-container\">\n\t\t\t\t\t\t\t\t<nav aria-label=\"Menu\" class=\"elementor-nav-menu--main elementor-nav-menu__container elementor-nav-menu--layout-horizontal e--pointer-none\">\n\t\t\t\t<ul id=\"menu-1-3406aad4\" class=\"elementor-nav-menu\"><li class=\"menu-item menu-item-type-taxonomy menu-item-object-category menu-item-1409\"><a href=\"https:\/\/tumasyo.com\/ca\/category\/portfolio-ca\/diagnostic\/\" class=\"elementor-item\">diagn\u00f2stic<\/a><\/li>\n<li class=\"menu-item menu-item-type-taxonomy menu-item-object-category menu-item-1410\"><a href=\"https:\/\/tumasyo.com\/ca\/category\/portfolio-ca\/estrategia-ca\/\" class=\"elementor-item\">estrat\u00e8gia<\/a><\/li>\n<li class=\"menu-item menu-item-type-taxonomy menu-item-object-category menu-item-1411\"><a href=\"https:\/\/tumasyo.com\/ca\/category\/portfolio-ca\/definicio\/\" class=\"elementor-item\">definici\u00f3<\/a><\/li>\n<li class=\"menu-item menu-item-type-taxonomy menu-item-object-category menu-item-1412\"><a href=\"https:\/\/tumasyo.com\/ca\/category\/portfolio-ca\/activacio\/\" class=\"elementor-item\">activaci\u00f3<\/a><\/li>\n<\/ul>\t\t\t<\/nav>\n\t\t\t\t\t<div class=\"elementor-menu-toggle\" role=\"button\" tabindex=\"0\" aria-label=\"Commuta el men\u00fa\" aria-expanded=\"false\">\n\t\t\t<i aria-hidden=\"true\" role=\"presentation\" class=\"elementor-menu-toggle__icon--open fas fa-arrow-down\"><\/i><i aria-hidden=\"true\" role=\"presentation\" class=\"elementor-menu-toggle__icon--close eicon-close\"><\/i>\t\t<\/div>\n\t\t\t\t\t<nav class=\"elementor-nav-menu--dropdown elementor-nav-menu__container\" aria-hidden=\"true\">\n\t\t\t\t<ul id=\"menu-2-3406aad4\" class=\"elementor-nav-menu\"><li class=\"menu-item menu-item-type-taxonomy menu-item-object-category menu-item-1409\"><a href=\"https:\/\/tumasyo.com\/ca\/category\/portfolio-ca\/diagnostic\/\" class=\"elementor-item\" tabindex=\"-1\">diagn\u00f2stic<\/a><\/li>\n<li class=\"menu-item menu-item-type-taxonomy menu-item-object-category menu-item-1410\"><a href=\"https:\/\/tumasyo.com\/ca\/category\/portfolio-ca\/estrategia-ca\/\" class=\"elementor-item\" tabindex=\"-1\">estrat\u00e8gia<\/a><\/li>\n<li class=\"menu-item menu-item-type-taxonomy menu-item-object-category menu-item-1411\"><a href=\"https:\/\/tumasyo.com\/ca\/category\/portfolio-ca\/definicio\/\" class=\"elementor-item\" tabindex=\"-1\">definici\u00f3<\/a><\/li>\n<li class=\"menu-item menu-item-type-taxonomy menu-item-object-category menu-item-1412\"><a href=\"https:\/\/tumasyo.com\/ca\/category\/portfolio-ca\/activacio\/\" class=\"elementor-item\" tabindex=\"-1\">activaci\u00f3<\/a><\/li>\n<\/ul>\t\t\t<\/nav>\n\t\t\t\t\t\t<\/div>\n\t\t\t\t<\/div>\n\t\t\t\t\t<\/div>\n\t\t<\/div>\n\t\t\t\t\t<\/div>\n\t\t<\/section>\n\t\t\t\t<\/div>\n\t\t","protected":false},"excerpt":{"rendered":"<p>compartim les experi\u00e8ncies que vivim<\/p>\n","protected":false},"author":1,"featured_media":1151,"parent":0,"menu_order":0,"comment_status":"closed","ping_status":"closed","template":"","meta":{"footnotes":""},"class_list":["post-1303","page","type-page","status-publish","has-post-thumbnail","hentry"],"yoast_head":"<!-- This site is optimized with the Yoast SEO plugin v27.5 - https:\/\/yoast.com\/product\/yoast-seo-wordpress\/ -->\n<title>Experi\u00e8ncies - t\u00fam\u00e1syo<\/title>\n<meta name=\"robots\" content=\"index, follow, max-snippet:-1, max-image-preview:large, max-video-preview:-1\" \/>\n<link rel=\"canonical\" href=\"https:\/\/tumasyo.com\/ca\/experiencies\/\" \/>\n<meta property=\"og:locale\" content=\"ca_ES\" \/>\n<meta property=\"og:type\" content=\"article\" \/>\n<meta property=\"og:title\" content=\"Experi\u00e8ncies - t\u00fam\u00e1syo\" \/>\n<meta property=\"og:description\" content=\"compartim les experi\u00e8ncies que vivim\" \/>\n<meta property=\"og:url\" content=\"https:\/\/tumasyo.com\/ca\/experiencies\/\" \/>\n<meta property=\"og:site_name\" content=\"t\u00fam\u00e1syo\" \/>\n<meta property=\"article:modified_time\" content=\"2023-06-19T16:33:57+00:00\" \/>\n<meta property=\"og:image\" content=\"https:\/\/tumasyo.com\/wp-content\/uploads\/2023\/06\/TMY_WEB_GIC-1-1024x768.png\" \/>\n\t<meta property=\"og:image:width\" content=\"1024\" \/>\n\t<meta property=\"og:image:height\" content=\"768\" \/>\n\t<meta property=\"og:image:type\" content=\"image\/png\" \/>\n<meta name=\"twitter:card\" content=\"summary_large_image\" \/>\n<script type=\"application\/ld+json\" class=\"yoast-schema-graph\">{\"@context\":\"https:\\\/\\\/schema.org\",\"@graph\":[{\"@type\":\"WebPage\",\"@id\":\"https:\\\/\\\/tumasyo.com\\\/ca\\\/experiencies\\\/\",\"url\":\"https:\\\/\\\/tumasyo.com\\\/ca\\\/experiencies\\\/\",\"name\":\"Experi\u00e8ncies - t\u00fam\u00e1syo\",\"isPartOf\":{\"@id\":\"https:\\\/\\\/tumasyo.com\\\/#website\"},\"primaryImageOfPage\":{\"@id\":\"https:\\\/\\\/tumasyo.com\\\/ca\\\/experiencies\\\/#primaryimage\"},\"image\":{\"@id\":\"https:\\\/\\\/tumasyo.com\\\/ca\\\/experiencies\\\/#primaryimage\"},\"thumbnailUrl\":\"https:\\\/\\\/tumasyo.com\\\/wp-content\\\/uploads\\\/2023\\\/06\\\/TMY_WEB_GIC-1.png\",\"datePublished\":\"2023-06-04T09:46:39+00:00\",\"dateModified\":\"2023-06-19T16:33:57+00:00\",\"breadcrumb\":{\"@id\":\"https:\\\/\\\/tumasyo.com\\\/ca\\\/experiencies\\\/#breadcrumb\"},\"inLanguage\":\"ca\",\"potentialAction\":[{\"@type\":\"ReadAction\",\"target\":[\"https:\\\/\\\/tumasyo.com\\\/ca\\\/experiencies\\\/\"]}]},{\"@type\":\"ImageObject\",\"inLanguage\":\"ca\",\"@id\":\"https:\\\/\\\/tumasyo.com\\\/ca\\\/experiencies\\\/#primaryimage\",\"url\":\"https:\\\/\\\/tumasyo.com\\\/wp-content\\\/uploads\\\/2023\\\/06\\\/TMY_WEB_GIC-1.png\",\"contentUrl\":\"https:\\\/\\\/tumasyo.com\\\/wp-content\\\/uploads\\\/2023\\\/06\\\/TMY_WEB_GIC-1.png\",\"width\":1320,\"height\":990},{\"@type\":\"BreadcrumbList\",\"@id\":\"https:\\\/\\\/tumasyo.com\\\/ca\\\/experiencies\\\/#breadcrumb\",\"itemListElement\":[{\"@type\":\"ListItem\",\"position\":1,\"name\":\"Portada\",\"item\":\"https:\\\/\\\/tumasyo.com\\\/ca\\\/\"},{\"@type\":\"ListItem\",\"position\":2,\"name\":\"Experi\u00e8ncies\"}]},{\"@type\":\"WebSite\",\"@id\":\"https:\\\/\\\/tumasyo.com\\\/#website\",\"url\":\"https:\\\/\\\/tumasyo.com\\\/\",\"name\":\"t\u00fam\u00e1syo\",\"description\":\"brand trainers\",\"publisher\":{\"@id\":\"https:\\\/\\\/tumasyo.com\\\/#organization\"},\"potentialAction\":[{\"@type\":\"SearchAction\",\"target\":{\"@type\":\"EntryPoint\",\"urlTemplate\":\"https:\\\/\\\/tumasyo.com\\\/?s={search_term_string}\"},\"query-input\":{\"@type\":\"PropertyValueSpecification\",\"valueRequired\":true,\"valueName\":\"search_term_string\"}}],\"inLanguage\":\"ca\"},{\"@type\":\"Organization\",\"@id\":\"https:\\\/\\\/tumasyo.com\\\/#organization\",\"name\":\"t\u00fam\u00e1syo\",\"url\":\"https:\\\/\\\/tumasyo.com\\\/\",\"logo\":{\"@type\":\"ImageObject\",\"inLanguage\":\"ca\",\"@id\":\"https:\\\/\\\/tumasyo.com\\\/#\\\/schema\\\/logo\\\/image\\\/\",\"url\":\"https:\\\/\\\/tumasyo.com\\\/wp-content\\\/uploads\\\/2023\\\/06\\\/TMY_LOGO.png\",\"contentUrl\":\"https:\\\/\\\/tumasyo.com\\\/wp-content\\\/uploads\\\/2023\\\/06\\\/TMY_LOGO.png\",\"width\":523,\"height\":46,\"caption\":\"t\u00fam\u00e1syo\"},\"image\":{\"@id\":\"https:\\\/\\\/tumasyo.com\\\/#\\\/schema\\\/logo\\\/image\\\/\"}}]}<\/script>\n<!-- \/ Yoast SEO plugin. -->","yoast_head_json":{"title":"Experi\u00e8ncies - t\u00fam\u00e1syo","robots":{"index":"index","follow":"follow","max-snippet":"max-snippet:-1","max-image-preview":"max-image-preview:large","max-video-preview":"max-video-preview:-1"},"canonical":"https:\/\/tumasyo.com\/ca\/experiencies\/","og_locale":"ca_ES","og_type":"article","og_title":"Experi\u00e8ncies - t\u00fam\u00e1syo","og_description":"compartim les experi\u00e8ncies que vivim","og_url":"https:\/\/tumasyo.com\/ca\/experiencies\/","og_site_name":"t\u00fam\u00e1syo","article_modified_time":"2023-06-19T16:33:57+00:00","og_image":[{"width":1024,"height":768,"url":"https:\/\/tumasyo.com\/wp-content\/uploads\/2023\/06\/TMY_WEB_GIC-1-1024x768.png","type":"image\/png"}],"twitter_card":"summary_large_image","schema":{"@context":"https:\/\/schema.org","@graph":[{"@type":"WebPage","@id":"https:\/\/tumasyo.com\/ca\/experiencies\/","url":"https:\/\/tumasyo.com\/ca\/experiencies\/","name":"Experi\u00e8ncies - t\u00fam\u00e1syo","isPartOf":{"@id":"https:\/\/tumasyo.com\/#website"},"primaryImageOfPage":{"@id":"https:\/\/tumasyo.com\/ca\/experiencies\/#primaryimage"},"image":{"@id":"https:\/\/tumasyo.com\/ca\/experiencies\/#primaryimage"},"thumbnailUrl":"https:\/\/tumasyo.com\/wp-content\/uploads\/2023\/06\/TMY_WEB_GIC-1.png","datePublished":"2023-06-04T09:46:39+00:00","dateModified":"2023-06-19T16:33:57+00:00","breadcrumb":{"@id":"https:\/\/tumasyo.com\/ca\/experiencies\/#breadcrumb"},"inLanguage":"ca","potentialAction":[{"@type":"ReadAction","target":["https:\/\/tumasyo.com\/ca\/experiencies\/"]}]},{"@type":"ImageObject","inLanguage":"ca","@id":"https:\/\/tumasyo.com\/ca\/experiencies\/#primaryimage","url":"https:\/\/tumasyo.com\/wp-content\/uploads\/2023\/06\/TMY_WEB_GIC-1.png","contentUrl":"https:\/\/tumasyo.com\/wp-content\/uploads\/2023\/06\/TMY_WEB_GIC-1.png","width":1320,"height":990},{"@type":"BreadcrumbList","@id":"https:\/\/tumasyo.com\/ca\/experiencies\/#breadcrumb","itemListElement":[{"@type":"ListItem","position":1,"name":"Portada","item":"https:\/\/tumasyo.com\/ca\/"},{"@type":"ListItem","position":2,"name":"Experi\u00e8ncies"}]},{"@type":"WebSite","@id":"https:\/\/tumasyo.com\/#website","url":"https:\/\/tumasyo.com\/","name":"t\u00fam\u00e1syo","description":"brand trainers","publisher":{"@id":"https:\/\/tumasyo.com\/#organization"},"potentialAction":[{"@type":"SearchAction","target":{"@type":"EntryPoint","urlTemplate":"https:\/\/tumasyo.com\/?s={search_term_string}"},"query-input":{"@type":"PropertyValueSpecification","valueRequired":true,"valueName":"search_term_string"}}],"inLanguage":"ca"},{"@type":"Organization","@id":"https:\/\/tumasyo.com\/#organization","name":"t\u00fam\u00e1syo","url":"https:\/\/tumasyo.com\/","logo":{"@type":"ImageObject","inLanguage":"ca","@id":"https:\/\/tumasyo.com\/#\/schema\/logo\/image\/","url":"https:\/\/tumasyo.com\/wp-content\/uploads\/2023\/06\/TMY_LOGO.png","contentUrl":"https:\/\/tumasyo.com\/wp-content\/uploads\/2023\/06\/TMY_LOGO.png","width":523,"height":46,"caption":"t\u00fam\u00e1syo"},"image":{"@id":"https:\/\/tumasyo.com\/#\/schema\/logo\/image\/"}}]}},"_links":{"self":[{"href":"https:\/\/tumasyo.com\/ca\/wp-json\/wp\/v2\/pages\/1303","targetHints":{"allow":["GET"]}}],"collection":[{"href":"https:\/\/tumasyo.com\/ca\/wp-json\/wp\/v2\/pages"}],"about":[{"href":"https:\/\/tumasyo.com\/ca\/wp-json\/wp\/v2\/types\/page"}],"author":[{"embeddable":true,"href":"https:\/\/tumasyo.com\/ca\/wp-json\/wp\/v2\/users\/1"}],"replies":[{"embeddable":true,"href":"https:\/\/tumasyo.com\/ca\/wp-json\/wp\/v2\/comments?post=1303"}],"version-history":[{"count":2,"href":"https:\/\/tumasyo.com\/ca\/wp-json\/wp\/v2\/pages\/1303\/revisions"}],"predecessor-version":[{"id":1335,"href":"https:\/\/tumasyo.com\/ca\/wp-json\/wp\/v2\/pages\/1303\/revisions\/1335"}],"wp:featuredmedia":[{"embeddable":true,"href":"https:\/\/tumasyo.com\/ca\/wp-json\/wp\/v2\/media\/1151"}],"wp:attachment":[{"href":"https:\/\/tumasyo.com\/ca\/wp-json\/wp\/v2\/media?parent=1303"}],"curies":[{"name":"wp","href":"https:\/\/api.w.org\/{rel}","templated":true}]}}